{"id":67,"date":"2016-12-12T13:08:49","date_gmt":"2016-12-12T12:08:49","guid":{"rendered":"http:\/\/deaicegi.umh.es\/?page_id=67"},"modified":"2018-01-16T08:52:12","modified_gmt":"2018-01-16T07:52:12","slug":"otros","status":"publish","type":"page","link":"https:\/\/deaicegi.umh.es\/ca\/otros\/","title":{"rendered":"altres"},"content":{"rendered":"<p><a href=\"http:\/\/www.umh.es\/contenido\/Universidad\/:tit_fpo_8932\/datos_es.html?marcaTxtBusc=huertos%20urbanos\">EXPERTO UNIVERSITARIO EN DISE\u00d1O, DESARROLLO Y APROVECHAMIENTO DE HUERTOS URBANOS Y HUERTOS ECOL\u00d3GICOS ESCOLARES. IV EDICI\u00d3N<\/a><br \/>\n<\/p>","protected":false},"excerpt":{"rendered":"<p>EXPERTO UNIVERSITARIO EN DISE\u00d1O, DESARROLLO Y APROVECHAMIENTO DE HUERTOS URBANOS Y HUERTOS ECOL\u00d3GICOS ESCOLARES. IV EDICI\u00d3N<\/p>\n","protected":false},"author":354,"featured_media":0,"parent":0,"menu_order":0,"comment_status":"closed","ping_status":"closed","template":"","meta":{"_links_to":"","_links_to_target":""},"_links":{"self":[{"href":"https:\/\/deaicegi.umh.es\/ca\/wp-json\/wp\/v2\/pages\/67"}],"collection":[{"href":"https:\/\/deaicegi.umh.es\/ca\/wp-json\/wp\/v2\/pages"}],"about":[{"href":"https:\/\/deaicegi.umh.es\/ca\/wp-json\/wp\/v2\/types\/page"}],"author":[{"embeddable":true,"href":"https:\/\/deaicegi.umh.es\/ca\/wp-json\/wp\/v2\/users\/354"}],"replies":[{"embeddable":true,"href":"https:\/\/deaicegi.umh.es\/ca\/wp-json\/wp\/v2\/comments?post=67"}],"version-history":[{"count":0,"href":"https:\/\/deaicegi.umh.es\/ca\/wp-json\/wp\/v2\/pages\/67\/revisions"}],"wp:attachment":[{"href":"https:\/\/deaicegi.umh.es\/ca\/wp-json\/wp\/v2\/media?parent=67"}],"curies":[{"name":"wp","href":"https:\/\/api.w.org\/{rel}","templated":true}]}}